{"id":112,"date":"2022-01-11T08:05:05","date_gmt":"2022-01-11T08:05:05","guid":{"rendered":"http:\/\/advokatlarsson.com\/?page_id=112"},"modified":"2024-01-21T10:42:23","modified_gmt":"2024-01-21T10:42:23","slug":"112-2","status":"publish","type":"page","link":"https:\/\/advokatlarsson.com\/index.php\/112-2\/","title":{"rendered":""},"content":{"rendered":"\n<figure class=\"wp-block-image size-full is-resized\"><img loading=\"lazy\" decoding=\"async\" src=\"https:\/\/advokatlarsson.com\/wp-content\/uploads\/2024\/01\/Komb-logga-JPG3-1.jpg\" alt=\"\" class=\"wp-image-194\" width=\"336\" height=\"77\" srcset=\"https:\/\/advokatlarsson.com\/wp-content\/uploads\/2024\/01\/Komb-logga-JPG3-1.jpg 776w, https:\/\/advokatlarsson.com\/wp-content\/uploads\/2024\/01\/Komb-logga-JPG3-1-300x69.jpg 300w, https:\/\/advokatlarsson.com\/wp-content\/uploads\/2024\/01\/Komb-logga-JPG3-1-768x176.jpg 768w\" sizes=\"auto, (max-width: 336px) 100vw, 336px\" \/><\/figure>\n\n\n\n<h4 class=\"wp-block-heading\">GDPR<\/h4>\n\n\n\n<p style=\"line-height:1\"><strong>Om behandling av personuppgifter<\/strong><\/p>\n\n\n\n<p style=\"line-height:1\"><strong>Information enligt Dataskyddsf\u00f6rordningen (2016\/679\/EG)<\/strong><\/p>\n\n\n\n<p style=\"line-height:1\">Advokat J\u00f6rgen Larsson AB, org.nr 556975-4541, \u00e4r personuppgiftsansvarig f\u00f6r de personuppgifter avseende kontaktpersoner vi erh\u00e5ller i samband med uppdrag eller som annars behandlas n\u00e4r uppdraget f\u00f6rbereds eller administreras. Vid uppdrag som grundar sig p\u00e5 avtal \u00e4r du inte skyldig att l\u00e4mna personuppgifter till oss, men utan att det sker kan vi inte \u00e5ta oss ett uppdrag eftersom vi inte kan genomf\u00f6ra n\u00f6dv\u00e4ndig j\u00e4vs- och penningtv\u00e4ttskontroll. Vid uppdrag som grundar sig p\u00e5 f\u00f6rordnanden fr\u00e5n domstol eller annan myndighet behandlas personuppgifter enligt lag och V\u00e4gledande regler om god advokatsed.<\/p>\n\n\n\n<p style=\"line-height:1\">Vi behandlar uppgifterna f\u00f6r att genomf\u00f6ra obligatorisk j\u00e4vskontroll, i f\u00f6rekommande fall penningtv\u00e4ttskontroll, utf\u00f6ra och administrera uppdraget, f\u00f6r att tillvarata dina intressen, f\u00f6r redovisnings- och fakturerings\u00e4ndam\u00e5l. Dessa uppgifter behandlas p\u00e5 grundval av avtal i f\u00f6rekommande fall, f\u00f6r att fullg\u00f6ra r\u00e4ttsliga f\u00f6rpliktelser och f\u00f6r att fullg\u00f6ra uppgifter av allm\u00e4nt intresse.<\/p>\n\n\n\n<p style=\"line-height:1\">Vi l\u00e4mnar inte ut personuppgifter till utomst\u00e5ende annat \u00e4n i de fall d\u00e5 det s\u00e4rskilt \u00f6verenskommits mellan advokatbyr\u00e5n och dig, d\u00e5 det inom ramen f\u00f6r ett visst uppdrag \u00e4r n\u00f6dv\u00e4ndigt f\u00f6r att tillvarata dina r\u00e4ttigheter, eller om det \u00e4r n\u00f6dv\u00e4ndigt f\u00f6r att vi ska fullg\u00f6ra lagstadgad skyldighet eller efterkomma myndighetsbeslut eller beslut av domstol, eller f\u00f6r det fall vi anlitar utomst\u00e5ende tj\u00e4nsteleverant\u00f6rer som utf\u00f6r uppdrag f\u00f6r v\u00e5r r\u00e4kning. Uppgifterna kan komma att l\u00e4mnas ut till domstolar och andra myndigheter, motparter och motpartsombud om det \u00e4r n\u00f6dv\u00e4ndigt f\u00f6r att tillvarata dina r\u00e4ttigheter.<\/p>\n\n\n\n<p style=\"line-height:1\">Personuppgifterna sparas, i enlighet med den skyldighet som \u00e5vilar Advokat J\u00f6rgen Larsson AB enligt V\u00e4gledande regler f\u00f6r god advokatsed, under en tid om tio \u00e5r fr\u00e5n dagen f\u00f6r \u00e4rendets slutf\u00f6rande eller den l\u00e4ngre tid som p\u00e5kallas av \u00e4rendets natur.<\/p>\n\n\n\n<p style=\"line-height:1\">Du har r\u00e4tt att kostnadsfritt beg\u00e4ra information fr\u00e5n Advokat J\u00f6rgen Larsson AB om anv\u00e4ndningen av de personuppgifter som r\u00f6r dig. Vi kommer p\u00e5 din beg\u00e4ran eller p\u00e5 eget initiativ att r\u00e4tta eller radera uppgifter som \u00e4r felaktiga eller begr\u00e4nsa behandlingen av s\u00e5dana uppgifter. Du har ocks\u00e5 r\u00e4tt att f\u00e5 del av dina personuppgifter i ett maskinl\u00e4sbart format eller att f\u00e5 uppgifterna \u00f6verf\u00f6rda till en tredje part som du anvisar.<\/p>\n\n\n\n<p style=\"line-height:1\">Om du \u00e4r missn\u00f6jd med v\u00e5r behandling av personuppgifter kan du l\u00e4mna in ett klagom\u00e5l till den svenska tillsynsmyndigheten, Datainspektionen, eller till tillsynsmyndigheten i det land d\u00e4r du bor eller arbetar.<\/p>\n\n\n\n<p style=\"line-height:1\">Kontakta oss om du har n\u00e5gra fr\u00e5gor r\u00f6rande v\u00e5r personuppgiftsbehandling.<\/p>\n\n\n\n<p><\/p>\n\n\n\n<p style=\"line-height:1\">Advokat J\u00f6rgen Larsson AB<\/p>\n\n\n\n<p style=\"line-height:1\">0411-53 37 86<\/p>\n\n\n\n<p style=\"line-height:1\"><a href=\"mailto:jorgen.larsson@advokatlarsson.com\">jorgen.larsson@advokatlarsson.com<\/a><\/p>\n\n\n\n<p><\/p>\n\n\n\n<h5 class=\"wp-block-heading\"><a href=\"https:\/\/advokatlarsson.com\">&lt;&lt; Tillbaka till f\u00f6reg\u00e5ende sida<\/a><\/h5>\n\n\n\n<p><\/p>\n","protected":false},"excerpt":{"rendered":"<p>GDPR Om behandling av personuppgifter Information enligt Dataskyddsf\u00f6rordningen (2016\/679\/EG) Advokat J\u00f6rgen Larsson AB, org.nr 556975-4541, \u00e4r personuppgiftsansvarig f\u00f6r de personuppgifter avseende kontaktpersoner vi erh\u00e5ller i samband med uppdrag eller som annars behandlas n\u00e4r uppdraget f\u00f6rbereds eller administreras. Vid uppdrag som grundar sig p\u00e5 avtal \u00e4r du inte skyldig att l\u00e4mna personuppgifter till oss, men utan &hellip; <\/p>\n<p class=\"link-more\"><a href=\"https:\/\/advokatlarsson.com\/index.php\/112-2\/\" class=\"more-link\">Forts\u00e4tt l\u00e4sa<span class=\"screen-reader-text\"> &#8221;&#8221;<\/span><\/a><\/p>\n","protected":false},"author":1,"featured_media":0,"parent":0,"menu_order":0,"comment_status":"closed","ping_status":"closed","template":"","meta":{"footnotes":""},"class_list":["post-112","page","type-page","status-publish","hentry","entry"],"_links":{"self":[{"href":"https:\/\/advokatlarsson.com\/index.php\/wp-json\/wp\/v2\/pages\/112","targetHints":{"allow":["GET"]}}],"collection":[{"href":"https:\/\/advokatlarsson.com\/index.php\/wp-json\/wp\/v2\/pages"}],"about":[{"href":"https:\/\/advokatlarsson.com\/index.php\/wp-json\/wp\/v2\/types\/page"}],"author":[{"embeddable":true,"href":"https:\/\/advokatlarsson.com\/index.php\/wp-json\/wp\/v2\/users\/1"}],"replies":[{"embeddable":true,"href":"https:\/\/advokatlarsson.com\/index.php\/wp-json\/wp\/v2\/comments?post=112"}],"version-history":[{"count":8,"href":"https:\/\/advokatlarsson.com\/index.php\/wp-json\/wp\/v2\/pages\/112\/revisions"}],"predecessor-version":[{"id":195,"href":"https:\/\/advokatlarsson.com\/index.php\/wp-json\/wp\/v2\/pages\/112\/revisions\/195"}],"wp:attachment":[{"href":"https:\/\/advokatlarsson.com\/index.php\/wp-json\/wp\/v2\/media?parent=112"}],"curies":[{"name":"wp","href":"https:\/\/api.w.org\/{rel}","templated":true}]}}